{"id":1941,"date":"2015-05-26T11:08:48","date_gmt":"2015-05-26T14:08:48","guid":{"rendered":"http:\/\/www.zocalo.cl\/brujita\/?page_id=1941"},"modified":"2025-06-11T15:51:55","modified_gmt":"2025-06-11T19:51:55","slug":"talleres","status":"publish","type":"page","link":"https:\/\/zocalo.cl\/enamoralaverdad\/talleres\/","title":{"rendered":"Talleres"},"content":{"rendered":"<p>Desde el a\u00f1o 2010 que hago talleres para ense\u00f1ar y trasmitir lo que he aprendido haciendo sanaciones.<\/p>\n<p>Son tres l\u00edneas de talleres, los hago regularmente:<\/p>\n<ul>\n<li><a href=\"https:\/\/zocalo.cl\/enamoralaverdad\/talleres\/taller-de-autoconocimiento-y-autosanacion\/\" target=\"_blank\" rel=\"noopener noreferrer\">Taller de auto conocimiento y auto sanaci\u00f3n<\/a>, esta es una l\u00ednea de 3 niveles, que apuntan a confiar en nuestra percepci\u00f3n. El inicio es descubrir que percibir las energ\u00edas, el aura, es una habilidad innata del ser humano.<\/li>\n<li><a href=\"https:\/\/zocalo.cl\/enamoralaverdad\/talleres\/taller-de-meditacion\/\" target=\"_blank\" rel=\"noopener noreferrer\">Taller de meditaci\u00f3n b\u00e1sica<\/a>, ense\u00f1o una t\u00e9cnica sencilla muy apta para neurodivergentes y mentes dispersas.&nbsp;<\/li>\n<li><a href=\"https:\/\/zocalo.cl\/enamoralaverdad\/taller-presencia-del-corazon\/\">Taller Presencia del Coraz\u00f3n<\/a>, un taller muy intuitivo que conecta, o invita a recordar la amorosa fuente de sabidur\u00eda y calma que tenemos en medio del pecho.<\/li>\n<li><a href=\"https:\/\/zocalo.cl\/enamoralaverdad\/talleres\/taller-honrando-a-mis-ancestros\/\" target=\"_blank\" rel=\"noopener noreferrer\">Taller Reconociendo a mis ancestros<\/a>,&nbsp; para integrar, sanar y aceptar el linaje en el que elegimos encarnar, y hacer consciente todo lo que heredamos.<br \/>\n<a href=\"http:\/\/www.zocalo.cl\/brujita\/wp-content\/uploads\/2014\/09\/gota.jpg\"><img loading=\"lazy\" decoding=\"async\" class=\" size-full wp-image-1692 aligncenter\" src=\"http:\/\/www.zocalo.cl\/brujita\/wp-content\/uploads\/2014\/09\/gota.jpg\" alt=\"rp_gota.jpg\" width=\"280\" height=\"280\" srcset=\"https:\/\/zocalo.cl\/enamoralaverdad\/wp-content\/uploads\/2014\/09\/gota.jpg 280w, https:\/\/zocalo.cl\/enamoralaverdad\/wp-content\/uploads\/2014\/09\/gota-150x150.jpg 150w\" sizes=\"auto, (max-width: 280px) 100vw, 280px\" \/><\/a><\/li>\n<\/ul>\n","protected":false},"excerpt":{"rendered":"<p>Desde el a\u00f1o 2010 que hago talleres para ense\u00f1ar y trasmitir lo que he aprendido haciendo sanaciones. Son tres l\u00edneas de talleres, los hago regularmente: Taller de auto conocimiento y auto sanaci\u00f3n, esta es una l\u00ednea de 3 niveles, que apuntan a confiar en nuestra percepci\u00f3n. El inicio es descubrir que percibir las energ\u00edas, el [&hellip;]<\/p>\n","protected":false},"author":1,"featured_media":0,"parent":0,"menu_order":4,"comment_status":"closed","ping_status":"closed","template":"","meta":{"site-container-style":"default","site-container-layout":"default","site-sidebar-layout":"default","disable-article-header":"default","disable-site-header":"default","disable-site-footer":"default","disable-content-area-spacing":"default","ngg_post_thumbnail":0,"_joinchat":[],"footnotes":""},"class_list":["post-1941","page","type-page","status-publish","hentry"],"_links":{"self":[{"href":"https:\/\/zocalo.cl\/enamoralaverdad\/wp-json\/wp\/v2\/pages\/1941","targetHints":{"allow":["GET"]}}],"collection":[{"href":"https:\/\/zocalo.cl\/enamoralaverdad\/wp-json\/wp\/v2\/pages"}],"about":[{"href":"https:\/\/zocalo.cl\/enamoralaverdad\/wp-json\/wp\/v2\/types\/page"}],"author":[{"embeddable":true,"href":"https:\/\/zocalo.cl\/enamoralaverdad\/wp-json\/wp\/v2\/users\/1"}],"replies":[{"embeddable":true,"href":"https:\/\/zocalo.cl\/enamoralaverdad\/wp-json\/wp\/v2\/comments?post=1941"}],"version-history":[{"count":0,"href":"https:\/\/zocalo.cl\/enamoralaverdad\/wp-json\/wp\/v2\/pages\/1941\/revisions"}],"wp:attachment":[{"href":"https:\/\/zocalo.cl\/enamoralaverdad\/wp-json\/wp\/v2\/media?parent=1941"}],"curies":[{"name":"wp","href":"https:\/\/api.w.org\/{rel}","templated":true}]}}