{"id":3009,"date":"2018-07-09T15:24:59","date_gmt":"2018-07-09T18:24:59","guid":{"rendered":"http:\/\/www.zocalo.cl\/brujita\/?page_id=3009"},"modified":"2022-09-01T12:54:58","modified_gmt":"2022-09-01T16:54:58","slug":"taller-honrando-a-mis-ancestros","status":"publish","type":"page","link":"https:\/\/zocalo.cl\/enamoralaverdad\/talleres\/taller-honrando-a-mis-ancestros\/","title":{"rendered":"Taller: Reconociendo a mis Ancestros"},"content":{"rendered":"<p><img loading=\"lazy\" decoding=\"async\" class=\"size-medium wp-image-3010 alignleft\" src=\"http:\/\/www.zocalo.cl\/brujita\/\/wp-content\/uploads\/2018\/07\/cargando-ancestros-240x300.jpg\" alt=\"\" width=\"240\" height=\"300\" srcset=\"https:\/\/zocalo.cl\/enamoralaverdad\/wp-content\/uploads\/2018\/07\/cargando-ancestros-240x300.jpg 240w, https:\/\/zocalo.cl\/enamoralaverdad\/wp-content\/uploads\/2018\/07\/cargando-ancestros.jpg 612w\" sizes=\"auto, (max-width: 240px) 100vw, 240px\" \/><\/p>\n<p>Desde los primeros cursos con Harold fui aprendiendo sobre las programaciones, creencias y emociones heredadas de nuestros ancestros. \u00c9l nos ense\u00f1\u00f3 a buscar en el aura toda esta informaci\u00f3n, y fuimos descubriendo curso tras curso lo sanador que es hacer consciente toda esta herencia. Sol\u00eda decir que la mayor parte de nuestros problemas de adultos ven\u00edan de las ense\u00f1anzas de nuestros padres. Con mi experiencia actual, creo que el 90 a 95% tienen ese origen.<\/p>\n<p>Hace 8 a\u00f1os que estoy estudiando sobre ancestrolog\u00eda, <a href=\"https:\/\/zocalo.cl\/enamoralaverdad\/trabajando-con-el-arbol-familiar\/\" target=\"_blank\" rel=\"noopener noreferrer\">\u00e1rbol transgeneracional<\/a> y constelaciones familiares, y poco a poco he ido integrando esta manera de ver la herencia familiar en todas las sesiones que hago en mi consulta. A estas alturas, quien llega se va con el encargo de hacer su \u00e1rbol familiar.<\/p>\n<p>El m\u00e9todo que m\u00e1s ocupo es el del \u00e1rbol trasngeneracional, el que implica averiguar fechas de nacimiento, matrimonio, defunci\u00f3n y eventos importantes. Me parece el m\u00e1s claro para que la persona descubra y haga consciente por s\u00ed misma la herencia. Replicamos fechas &nbsp;fechas familiares para encarnar, elegimos nombres ya usados en nuestros ancestros; profesiones y caminos de vida similares; parejas que replican temas de nuestro linaje, y que provienen de \u00e1rboles parecidos.&nbsp;Copiamos fechas de accidentes, de enfermedades, de nacimiento, de titulaci\u00f3n y otras muchas.<\/p>\n<p>Mientras m\u00e1s clara tenemos nuestra herencia, m\u00e1s f\u00e1cil es transformar nuestra propia vida.&nbsp;Hacer consciente esas fechas dolorosas, historias, traer de vuelta y honrar a los excluidos, abre muchas posibilidades en el presente, tal como lo muestra la pel\u00edcula animada Coco.<\/p>\n<p>No podemos cambiar el pasado y las historias de los integrantes de nuestro linaje, pero como dice la m\u00e1xima budista: lo que resistes persiste, lo que aceptas te transforma.<\/p>\n<p>El taller busca que aceptemos a nuestros ancestros, y los honremos, para abrirnos a lo que nos trae nuestra vida.<\/p>\n<p>Es un taller pr\u00e1ctico en que cada uno dibuja su \u00e1rbol. Usamos blocks de dibujo, muchos l\u00e1pices, y fotos de nuestros ancestros. Es necesario que traigas la mayor cantidad posible de datos de tu linaje, fechas, nombres, historias. Hacemos algunas meditaciones y oraciones, y todos los asistentes tienen participaci\u00f3n activa.<\/p>\n<p>Lo realizo un d\u00eda s\u00e1bado de 9:00 a 18:30 hrs, en mi consulta en \u00d1u\u00f1oa.<\/p>\n<p>Tiene un valor de $40.000 (con pago anticipado, incluye apuntes en pdf, caf\u00e9 y galletas).<\/p>\n<p>Para consultar por una pr\u00f3xima fecha de este taller, escribe en este formulario:<\/p>\n<form method=\"post\" id=\"cntctfrm_contact_form\" class=\"cntctfrm_contact_form cntctfrm_one_column cntctfrm_ltr cntctfrm_width_default\" action=\"\/enamoralaverdad\/wp-json\/wp\/v2\/pages\/3009#cntctfrm_contact_form\" enctype=\"multipart\/form-data\"><div id=\"cntctfrm_first_column\" class=\"cntctfrm_column\"><div class=\"cntctfrm_field_wrap cntctfrm_field_name_wrap\"namecontact><div class=\"cntctfrm_label cntctfrm_label_name\">\n\t\t\t\t\t\t\t\t\t<label for=\"cntctfrm_contact_name\">Nombre: <span class=\"required\">*<\/span><\/label><\/div><div class=\"cntctfrm_input cntctfrm_input_name\">\n\t\t\t\t\t\t\t\t\t<input namecontact class=\"text\" type=\"text\" size=\"40\" pattern=\"^([\\p{L}\\p{M}]{2,}(\\s)*(\\p{L}+\\p{M}*-*){1,})|([\\p{L}\\p{M}]{3,})\" title=\"Please enter only letters at least 3 characters, words seperated by spaces\" value=\"\" name=\"cntctfrm_contact_name\" id=\"cntctfrm_contact_name\" \/><\/div><\/div><div class=\"cntctfrm_field_wrap cntctfrm_field_email_wrap\"email><div class=\"cntctfrm_label cntctfrm_label_email\">\n\t\t\t\t\t\t\t\t\t<label for=\"cntctfrm_contact_email\">Direcci\u00f3n de correo electr\u00f3nico: <span class=\"required\">*<\/span><\/label>\n\t\t\t\t\t\t\t\t<\/div><div class=\"cntctfrm_input cntctfrm_input_email\">\n\t\t\t\t\t\t\t\t\t<input email class=\"text\" type=\"email\" size=\"40\" value=\"\" name=\"cntctfrm_contact_email\" id=\"cntctfrm_contact_email\" \/><\/div><\/div><div class=\"cntctfrm_field_wrap cntctfrm_field_subject_wrap\"subject><div class=\"cntctfrm_label cntctfrm_label_subject\">\n\t\t\t\t\t\t\t\t\t<label for=\"cntctfrm_contact_subject\">Asunto: <span class=\"required\">*<\/span><\/label>\n\t\t\t\t\t\t\t\t<\/div><div class=\"cntctfrm_input cntctfrm_input_subject\">\n\t\t\t\t\t\t\t\t<input subject pattern=\"^\\p{L}{1,}([\\p{L}\\s]){2,}\" title=\"Please enter only letters at least 3 characters, words seperated by spaces\" class=\"text\" type=\"text\" size=\"40\" value=\"\" name=\"cntctfrm_contact_subject\" id=\"cntctfrm_contact_subject\" \/><\/div><\/div><div class=\"cntctfrm_field_wrap cntctfrm_field_message_wrap\"message><div class=\"cntctfrm_label cntctfrm_label_message\">\n\t\t\t\t\t\t\t\t<label for=\"cntctfrm_contact_message\">Mensaje: <span class=\"required\">*<\/span><\/label>\n\t\t\t\t\t\t\t<\/div><div class=\"cntctfrm_input cntctfrm_input_message\">\n\t\t\t\t\t\t\t\t<textarea message rows=\"5\" cols=\"30\"name=\"cntctfrm_contact_message\" id=\"cntctfrm_contact_message\"><\/textarea><\/div><\/div><div class=\"cntctfrm_field_wrap cntctfrm_field_captcha_wrap\"><div class=\"cntctfrm_label cntctfrm_label_captcha\">\n\t\t\t\t\t\t\t\t\t\t\t<label><\/label>\n\t\t\t\t\t\t\t\t\t\t<\/div><div class=\"cntctfrm_input cntctfrm_input_captcha\"><span id=\"cptch_time_limit_notice_97\" class=\"cptch_time_limit_notice cptch_to_remove\">L\u00edmite de tiempo excedido. Por favor complete el captcha otra vez m\u00e1s.<\/span><span class=\"cptch_wrap cptch_recognition\">\n\t\t\t\t<label class=\"cptch_label\" for=\"cptch_input_97\"><span class=\"cptch_images_wrap\"><span class=\"cptch_span\"><span class=\"cptch_img cptch_left\"><img decoding=\"async\" src=\"data:image\/png;base64,iVBORw0KGgoAAAANSUhEUgAAAgAAAAIACAMAAADDpiTIAAAAGXRFWHRTb2Z0d2FyZQBBZG9iZSBJbWFnZVJlYWR5ccllPAAAABhQTFRFMjIyubm5ZGRkkJCQ9fX1AAAA2dnZ\/\/\/\/YYJjXgAAAAh0Uk5T\/\/\/\/\/\/\/\/\/wDeg71ZAAAJeUlEQVR42uzd0VrdKBSAUSA55P3feLSdWlutSnJODHuv\/6rfXLSOrBDIUVI2pa74FgAgAASAABAAAkAACAABIAAEgAAQAAJAAAgAASAABIAAEAACQAAIAAEgAASAABAAAkAACAABIAAEgAAQAAJAAAgAASAABIAAEAACQAAIAAEgAASAABAAAkAACAABIAAEgAAQAAJAAAgAASAABIAAEAACQAAIAAEgAASAABAAAkAACAABIAAEgAAQAAD4FgAgAASAABAAAkAACAABIAAEgAAQAAJAAAgAASAABIAAEAACQAAIAAEgAASAABAAAkAACAABIAAEgAAQAAJAAAgAASAABIAAEAACQAAIAAEgAASAABAAAkAACAABcIfWWpfWylO3Xz39ubVlqX0FIPTQ96X9HvV3K22pKwAhr\/vPxv61glwI4gPoy5cH\/wXB0gFIO\/q\/DKwABJj5bwdqFYCph3\/vxZ9rGihhh\/92l8ITKIY\/N4GQAI5P\/n\/eCACYa+V\/1+H\/QaADkHL2f7UjWAHIevn\/PwlUAKa4+98eVtBJIBSAtd0eWMyVQCQAa7k9tJC3gUAA+oPH\/\/mZAADXrd5OKN5CoBj\/3AKK8R9cCKwAZB7\/cAJiAOi3GwGJAZw6\/sHWAREArOV2sgAAUo9\/qOcBAQC02\/lVADJuAF7VAbjKArB8C4AwW4HpAXzP+MdZCM4OYLl9VwsAV9gB3L6vDkDOHcDLMgCApDuAUDeBqQGs5VsB3FYAMk8AMXYCxQSQ+4HgzAAObAHL86FAfX2q1qXshhTgcVDJNwGUtycB7T5HogIw2wrgX8c+1JJzCpgYwJ4Rax88vdn1qcICwHfV7z9jLwmngHkBtAcM1o5JYAHgm5aAD\/lRvvHfLpx9CpgWwPKgS7Ul2whMC6A96qndqKwCwAx3gPY4Wh2A698BRu7Uo+uABsD17wBDV+noI8YVgKvfAQb3aj3RTnBSAPWxW7UlzzJw0i9+efBOraVZBk4KoDz4Cu1p7gFzAlgfPj5LlnvAnF97ffgqfWwn0AG48BJgueo\/AcA5TwH2PawfmgIKANddA5YzZpkVgMuuAdsZ\/0gF4Mz6KWPTUnweMCWAesrsXFMsAqb8ypdzhqZk2AhOCeCkybllWARMCaCcs0WvGRYB4QEcuDTXDIuA8AD6Sf\/OCsB5jWwCzlpsdgAu+Rzo0P9fTfBxwIwA+lkAeoJVYHQAx8YlwSpwxq\/7vO1ZOWmxAcBFAbT42wAA7gWgAnBFAMcW50v8bcCMAM4blgQPg6MDaACYAc4BUACItwgEIDmAoZ89WwHIDaADcEEA5bR\/CYDsACoAJzU0MZ+235j0SVB4AIcm5gbAFTvvd3YKAJfsrGEZO4agAXDaF33SsFQA5gdwZBXYALhm7ZxV4OBZdAWASwLYvwhYALho55zgNHpgKACnNbY46+dMAABc9EnQ3sXZ8EvJALjmk6C9n9OOvzsEgGvuA\/ctA8dfSgfARbcBu17rs+P1UQBcdBuwZwrY81ZSAK66ChzfCIy\/PAyAK68Ch28Ce8YfgOuuAgdvAruufwCuvAgY+rGAneMPwHWfBQ4J6DvfJA\/AqYuA8VHqj6IFwPWfBHx5HbB3+gfg+veAL7w9el3K\/vH3AyGX3gj+Pwl8RGCtR4YfgOvfA56n6X8SOHb1AzDFPeCngfp2OdgPjz4AE+wDfhtoy1J7X9e197os5Q6j7\/cCrv8s6NEBcG4dgNwAtgZAbgBXmwL8enjyKQCA5FOAE0KSTwEOiUo+BQCQ\/FnABsBUjwPvnYMiv6P68KV9ByDzOnD5+ufODosOeBMo69cXmgAE3An0gb\/fCyPiLQOWkb\/eK2PCLQPaBkBqAevQowZvDYu2EOxjz5o2AGIJqGPTizeHBhOwDN5fvDs4loCXTV0BYA4B7f4bgB8FfwwQBsB9BfwezTX4LjAOgHs+EVp2PGhcAfj2ernr+n9M1QZAkNtA+eNn+5bgu8BYAJ4u2MOTwF+\/Qx59FxgNwLYe+ymx8vdargTfBIQDcIzAmyMkvrwJ6ADMT+CdE0TCbwJCAth32sO7R0eEXwMGBfB87bahd4vV9y\/h8GvAuAC2L5\/7Uf41+hnWgKEBPN8L6tI+GfyPlm\/x14DRAfwcxr4srZVXJ8E8\/fn5lJhPV241\/BowBYD9tfBrQAA+\/u6EXwIA8OEqMvpnwQB83BJ\/CQDAPe4AbQMg5O7hFn8JAMA97gAdgNR3gKm\/hwAc3wM0AELWEmwCAbjDEnDmTSAAd1gCTn0HAOD4BFABSD0BzH0HAODwBDD3HQCAo1uAye8AABx8BjD8YnIA5vi2ZLkDAHBwBTj15wAAHF4B3qb\/\/gHwzvgP\/EZBBSDzDmD2hwAAHFwATP2jIAC839BJMx2AvE8AAuwBATg2\/gEmAACOjH+ACQCA\/ff\/EBMAAHvX\/0EmAAB+N3zIXAcg1O1\/9FSZEBMAAL8u\/\/GDpVYAAq3+dhwqtQEQZvbfccRsWQFIPPwBPgYE4MjwB1kBpgew50DJSCvA3ADWuv90+WUD4DoDuWvmX468WyDQZRPgf2W5tS8c+fcKzNPgH3ytwArApQD8PPNzqX39bOjr4bGPtAMIBeDXEaDt+QjQ2ntff\/b0p1rrz6NC7\/5OOQCuBuCMygpAagB9AyAzgLoBkBnAsgGQGUDbAMgMoK0AZAZQwo0\/AMnHH4Dk4w9A8vEHIPH6DwDjD0DW5z8AGH8Avr78qxsAiQGUdQMgMYAl8vgDkHn6ByDv7g8Alz8Aye\/+AGSf\/QH4cPbv2wZAWgAJbv4AuPoBeP\/en2j4AXhz8S\/rtgGQFUCryYYfgD8WfulGH4DM1z4AL5d+2tEHIPfgJwfwNPbJBz8IgLXXNnTwy\/MpIrVvCgLgxUH\/cRJMK+XtYTDP\/609j\/un5wgBIAAEgAAQAAJAAAgAASAABIAAEAACQAAIAAEgAASAABAAAkAACAABIAAEgAAQAAJAAAgAASAABIAAEAACQAAIAAEgAASAABAAAkAACAABIAAEgAAQAAJAAAgAASAABIAAEAACQAAIAAEgAASAABAAAkAACAABIAAEgAAQAAJAAAgAAQCAABAAAkAACAABIAAEgAAQAAJAAAgAASAABIAAEAACQAAIAAEgAASAABAAAkAACAABIAAEgAAQAAJAAAgAASAABIAAEAACQAAIAAEgAASAABAAAkAACAABIAAEgAAQAAJAAAgAASAABIAAEADa138CDAA0flo6ANtyiwAAAABJRU5ErkJggg==\" alt=\"image\"\/><\/span><\/span><span class=\"cptch_span\"><span class=\"cptch_img cptch_left\"><img decoding=\"async\" src=\"data:image\/png;base64,iVBORw0KGgoAAAANSUhEUgAAAgAAAAIACAMAAADDpiTIAAAAGXRFWHRTb2Z0d2FyZQBBZG9iZSBJbWFnZVJlYWR5ccllPAAAABhQTFRFMjIyubm5ZGRkkJCQ9fX1AAAA2dnZ\/\/\/\/YYJjXgAAAAh0Uk5T\/\/\/\/\/\/\/\/\/wDeg71ZAAAJeUlEQVR42uzd0VrdKBSAUSA55P3feLSdWlutSnJODHuv\/6rfXLSOrBDIUVI2pa74FgAgAASAABAAAkAACAABIAAEgAAQAAJAAAgAASAABIAAEAACQAAIAAEgAASAABAAAkAACAABIAAEgAAQAAJAAAgAASAABIAAEAACQAAIAAEgAASAABAAAkAACAABIAAEgAAQAAJAAAgAASAABIAAEAACQAAIAAEgAASAABAAAkAACAABIAAEgAAQAAD4FgAgAASAABAAAkAACAABIAAEgAAQAAJAAAgAASAABIAAEAACQAAIAAEgAASAABAAAkAACAABIAAEgAAQAAJAAAgAASAABIAAEAACQAAIAAEgAASAABAAAkAACAABcIfWWpfWylO3Xz39ubVlqX0FIPTQ96X9HvV3K22pKwAhr\/vPxv61glwI4gPoy5cH\/wXB0gFIO\/q\/DKwABJj5bwdqFYCph3\/vxZ9rGihhh\/92l8ITKIY\/N4GQAI5P\/n\/eCACYa+V\/1+H\/QaADkHL2f7UjWAHIevn\/PwlUAKa4+98eVtBJIBSAtd0eWMyVQCQAa7k9tJC3gUAA+oPH\/\/mZAADXrd5OKN5CoBj\/3AKK8R9cCKwAZB7\/cAJiAOi3GwGJAZw6\/sHWAREArOV2sgAAUo9\/qOcBAQC02\/lVADJuAF7VAbjKArB8C4AwW4HpAXzP+MdZCM4OYLl9VwsAV9gB3L6vDkDOHcDLMgCApDuAUDeBqQGs5VsB3FYAMk8AMXYCxQSQ+4HgzAAObAHL86FAfX2q1qXshhTgcVDJNwGUtycB7T5HogIw2wrgX8c+1JJzCpgYwJ4Rax88vdn1qcICwHfV7z9jLwmngHkBtAcM1o5JYAHgm5aAD\/lRvvHfLpx9CpgWwPKgS7Ul2whMC6A96qndqKwCwAx3gPY4Wh2A698BRu7Uo+uABsD17wBDV+noI8YVgKvfAQb3aj3RTnBSAPWxW7UlzzJw0i9+efBOraVZBk4KoDz4Cu1p7gFzAlgfPj5LlnvAnF97ffgqfWwn0AG48BJgueo\/AcA5TwH2PawfmgIKANddA5YzZpkVgMuuAdsZ\/0gF4Mz6KWPTUnweMCWAesrsXFMsAqb8ypdzhqZk2AhOCeCkybllWARMCaCcs0WvGRYB4QEcuDTXDIuA8AD6Sf\/OCsB5jWwCzlpsdgAu+Rzo0P9fTfBxwIwA+lkAeoJVYHQAx8YlwSpwxq\/7vO1ZOWmxAcBFAbT42wAA7gWgAnBFAMcW50v8bcCMAM4blgQPg6MDaACYAc4BUACItwgEIDmAoZ89WwHIDaADcEEA5bR\/CYDsACoAJzU0MZ+235j0SVB4AIcm5gbAFTvvd3YKAJfsrGEZO4agAXDaF33SsFQA5gdwZBXYALhm7ZxV4OBZdAWASwLYvwhYALho55zgNHpgKACnNbY46+dMAABc9EnQ3sXZ8EvJALjmk6C9n9OOvzsEgGvuA\/ctA8dfSgfARbcBu17rs+P1UQBcdBuwZwrY81ZSAK66ChzfCIy\/PAyAK68Ch28Ce8YfgOuuAgdvAruufwCuvAgY+rGAneMPwHWfBQ4J6DvfJA\/AqYuA8VHqj6IFwPWfBHx5HbB3+gfg+veAL7w9el3K\/vH3AyGX3gj+Pwl8RGCtR4YfgOvfA56n6X8SOHb1AzDFPeCngfp2OdgPjz4AE+wDfhtoy1J7X9e197os5Q6j7\/cCrv8s6NEBcG4dgNwAtgZAbgBXmwL8enjyKQCA5FOAE0KSTwEOiUo+BQCQ\/FnABsBUjwPvnYMiv6P68KV9ByDzOnD5+ufODosOeBMo69cXmgAE3An0gb\/fCyPiLQOWkb\/eK2PCLQPaBkBqAevQowZvDYu2EOxjz5o2AGIJqGPTizeHBhOwDN5fvDs4loCXTV0BYA4B7f4bgB8FfwwQBsB9BfwezTX4LjAOgHs+EVp2PGhcAfj2ernr+n9M1QZAkNtA+eNn+5bgu8BYAJ4u2MOTwF+\/Qx59FxgNwLYe+ymx8vdargTfBIQDcIzAmyMkvrwJ6ADMT+CdE0TCbwJCAth32sO7R0eEXwMGBfB87bahd4vV9y\/h8GvAuAC2L5\/7Uf41+hnWgKEBPN8L6tI+GfyPlm\/x14DRAfwcxr4srZVXJ8E8\/fn5lJhPV241\/BowBYD9tfBrQAA+\/u6EXwIA8OEqMvpnwQB83BJ\/CQDAPe4AbQMg5O7hFn8JAMA97gAdgNR3gKm\/hwAc3wM0AELWEmwCAbjDEnDmTSAAd1gCTn0HAOD4BFABSD0BzH0HAODwBDD3HQCAo1uAye8AABx8BjD8YnIA5vi2ZLkDAHBwBTj15wAAHF4B3qb\/\/gHwzvgP\/EZBBSDzDmD2hwAAHFwATP2jIAC839BJMx2AvE8AAuwBATg2\/gEmAACOjH+ACQCA\/ff\/EBMAAHvX\/0EmAAB+N3zIXAcg1O1\/9FSZEBMAAL8u\/\/GDpVYAAq3+dhwqtQEQZvbfccRsWQFIPPwBPgYE4MjwB1kBpgew50DJSCvA3ADWuv90+WUD4DoDuWvmX468WyDQZRPgf2W5tS8c+fcKzNPgH3ytwArApQD8PPNzqX39bOjr4bGPtAMIBeDXEaDt+QjQ2ntff\/b0p1rrz6NC7\/5OOQCuBuCMygpAagB9AyAzgLoBkBnAsgGQGUDbAMgMoK0AZAZQwo0\/AMnHH4Dk4w9A8vEHIPH6DwDjD0DW5z8AGH8Avr78qxsAiQGUdQMgMYAl8vgDkHn6ByDv7g8Alz8Aye\/+AGSf\/QH4cPbv2wZAWgAJbv4AuPoBeP\/en2j4AXhz8S\/rtgGQFUCryYYfgD8WfulGH4DM1z4AL5d+2tEHIPfgJwfwNPbJBz8IgLXXNnTwy\/MpIrVvCgLgxUH\/cRJMK+XtYTDP\/609j\/un5wgBIAAEgAAQAAJAAAgAASAABIAAEAACQAAIAAEgAASAABAAAkAACAABIAAEgAAQAAJAAAgAASAABIAAEAACQAAIAAEgAASAABAAAkAACAABIAAEgAAQAAJAAAgAASAABIAAEAACQAAIAAEgAASAABAAAkAACAABIAAEgAAQAAJAAAgAAQCAABAAAkAACAABIAAEgAAQAAJAAAgAASAABIAAEAACQAAIAAEgAASAABAAAkAACAABIAAEgAAQAAJAAAgAASAABIAAEAACQAAIAAEgAASAABAAAkAACAABIAAEgAAQAAJAAAgAASAABIAAEADa138CDAA0flo6ANtyiwAAAABJRU5ErkJggg==\" alt=\"image\"\/><\/span><\/span><span class=\"cptch_span\"><span class=\"cptch_img cptch_left\"><img decoding=\"async\" src=\"data:image\/png;base64,iVBORw0KGgoAAAANSUhEUgAAAgAAAAIACAMAAADDpiTIAAAAGXRFWHRTb2Z0d2FyZQBBZG9iZSBJbWFnZVJlYWR5ccllPAAAABhQTFRFXV1d09PTr6+vAAAAi4uL8vLyMzMz\/\/\/\/Anfh0QAAAAh0Uk5T\/\/\/\/\/\/\/\/\/wDeg71ZAAAHOklEQVR42uzd23bkNBRFUUm+1P\/\/MQHGABrSTXxJYp091xtvdM4sW7ITVXspuuZHAIAAEAACQAAIAAEgAASAABAAAkAACAABIAAEgAAQAAJAAAgAASAABIAAEAACQAAIAAEgAASAABAAAkAACAABIAAEgAAQAAJAAAgAASAABIAAEAACQAAIAAEgAASAABAAAkAACAABIAAEgAAQAAJAAAgAASAABIAAEAACQAAIAAEgAASAABAAAkAAAOBHAIAAEAACQAAIAAEgAASAABAAAkAACAABIAAEgAAQAAJAAAgAASAABIAAEAACQAAIAAEgAASAABAAAkAACAABIAAEgAAQAAJAAAgAASAABIAAEAACQAAIAAEgAASAABAAF9v6WNfW9reWv3v7r9bW0TcA6vY2+fbPob\/f3tYoBhkAtrfZLwfa29gAqDP8fTnRvnYA5p\/+sU9+oIFWevr7crW9+r2gLIBtXJ\/+n60bAPOt+NtyY60DMFXj1vH\/QWADIO\/aH3EjqAbgjoXfz5aDAExw8f+s8ZddCpQC0D9z\/L83AHjy1b8tn169xWAdAGP5ivYOQMDGP+g20Hz8D28IAUi8+1cV0Hz8TywFAXjUo59lISAXwKfv\/YvfBWYHMJbvaQUg9fJfbDc4NYBtX76vDYDM2\/9fzwQ3ADJv\/7W2AtP+K77x9l9qGTArgC9++Ff3JjApgO+9\/Ve6Ccz5b+jLM+oARC7\/Kt0EpgTwjBtAjXXgnLcAl4D0ReBwCQjfBq5PuQQA8F3\/4y4B4U8CH7IQbAB8l4CHXAI2AKZ7GrS3dR29b7\/Xx4fOjir7qyEzX8FObQXePwTswlEyOwDTbAX29osT4E6\/XuwAzLEV+N8\/7j1JYAVggq3Axw57OvWSuQHweAEfP9xhTdsHzL6N\/chW4NBf9I6wRcD8fxhy99EuPWsRMP8vtfz6or0fP9xpRC0CCvxWU7v7RI+W9CSgAICfL91PHudx+DXDBsAjtwKnX9SNoFVgjQMi7j7P6eAlYADwvK3ApaGsAEzWOPrY98QlpeY+sMpZFz9+Zi8f7Nti9oFlDjtpt57lNwCYdytwx2meHYD5FoL7nTdkAGbdCty0J99THgVWOvJu3PiXOg2AGbcC9x3mvboFZAdAeAMAAAAAwKNgAAAAAAC7AK+DAfAbQUk1vxMIwId7AVCuPeRVAADvt6U8BwLg\/XrKLhCA8E0AAOGbAACuLwHmPiQIgPeKeRcIwA13gAFA9B1g8pMiAbh6B3BOYPgdwEmh5epBdwAArl4AZv\/CAAAuLgFXAKIvANN\/hzQA11YA0\/\/8ALh2AfClUdkXgP0FQLEV4B61BATg3x08H8xXx0ZvAQtcAAD4sT3tAgDAlRtAgQsAAOd3ACUuAACc3wGUuAAAcP4GsG8AlOroIfHjBUDyAmB\/AZC8AJj8C0MB+M8PIuxr4wG4tAAssgIE4OwCsMgKEICTC8Clzo8NgDPzXzYAkjcAdW4AAJyaf6UfGgDb0Q1gnR0AAGceAJR5BATAyfmvLwDqtC7JCwAADj8AqrUAiAdwfP61FgDpAE7Mf7wAKNPxB4DFFoDhAE7Mv+BPq5l\/7gIwGkDfzT8ZwPEXAPU2AMkAzD8bwJn5jxcA5g9Aifk3DwCSAZh\/NoAz8y\/8U2rmHz3\/PADmnw3gzPw3AMq0mn80AJ\/\/bAA+\/9kAzD8bgPlnAzD\/bADmnw3A\/LMBmH82gNXz32gAw\/vfaADmnw3A\/LMBmH82AH8Amg3A\/LMBOAAgG4D5ZwM4cQBM2vxLAzD\/bAAOgMoGYP7ZAIbXf9EAzD8bwPD6NxrA8Pg\/GoD5ZwPo5h8NYHj9Ew2gm380gOH1TzSAbv7RAIbXP9EAuvlHAzD\/bADd679oAOafDaB7\/RcNwPyzAXSvf6MBdK9\/ogGYfzYA888GcPgLwIa5VwLQvf6NBmD+2QC617\/RAI7e\/73+qQWge\/0XDcDnPxvA4f2f\/X8pAJvf\/48GcOIL4D+1HYCHf\/4BqATgaZ9\/AMI\/\/wCEf\/4BSJ8\/AF\/YE+cPwBe2AAAAAAAAAAAAAAAAAAAAAAAAAAAAAAAAAAAAAAAAAAAAAAAAAAAAAAAAAAAAAAAAAAAAAAAAAAAAAAAAAAAAAAAAAAAAAAAAAAAAAKCoAABAAAgAASAABIAAEAACQAAIAAEgAASAABAAAkAACAABIAAEgAAQAAJAAAgAASAABIAAEAACQAAIAAEgAASAABAAAkAACAABIAAEgAAQAAJAAAgAASAABIAAEAACQAAIAAEgAASAABAAAkAACAABIAAEgAAQAAJAAAgAASAABIAAEAACQAAIAAEgAAQAAAJAAAgAASAABIAAEAACQAAIAAEgAASAABAAAkAACAABIAAEgAAQAAJAAAgAASAABIAAEAACQAAIAAEgAASAABAAAkAACAABIAAEgAAQAAJAAAgAASAABIAAEAACQAAIAAGgu\/pNgAEANpTxIMdKJZ8AAAAASUVORK5CYII=\" alt=\"image\"\/><\/span><\/span><span class=\"cptch_span\"><span class=\"cptch_img cptch_left\"><img decoding=\"async\" src=\"data:image\/png;base64,iVBORw0KGgoAAAANSUhEUgAAAgAAAAIACAMAAADDpiTIAAAAGXRFWHRTb2Z0d2FyZQBBZG9iZSBJbWFnZVJlYWR5ccllPAAAABhQTFRF7u7unZ2dY2Nj0NDQuLi4LS0tAAAA\/\/\/\/kcWTEgAAAAh0Uk5T\/\/\/\/\/\/\/\/\/wDeg71ZAAAFaUlEQVR42uzc207cQBBFUbftbv\/\/H3NRCEIMog2OFNdZ+zk8DF6pcpGI5VB0i28BAAJAAAgAASAABIAAEAACQAAIAAEgAASAABAAAkAACAABIAAEgAAQAAJAAAgAASAABIAAEAACQAAIAAEgAASAABAAAkAACAABIAAEgAAQAAJAAAgAASAABIAAEAACQAAIAAEgAASAABAAAkAACAABIAAEgAAQAAJAAAgAASAABIAAEAACQAAIAAEAgG8BAAJAAAgAASAABIAAEAACQAAIAAEgAASAABAAAkAACAABIAAEgAAQAAJAAAgAASAABIAAEAACQAAIAAEgAASAABAAAkAACAABIAAEgAAQAAJAAAgAASAABIAAEAACQAAIgH\/W1sdMABRtHwOA4NYBQPIynH7+AASv\/5c6ALnr3wSoOf7bACD5+fcBgPUPgPUPgOvPFeD5mwDWPwAZtTEAMP4B8PwBsP5dAda\/CWD8A5Dx\/PsAIBjANgYAwQDaACAYwO\/WvysgfP2bADdvv+D5AxC8\/gHIXv8ApK9\/AG68\/i96\/K6A5PVvAoSvfwDu2dYHAMEA9jEACAbQBgDBAC5d\/66A8PVvAoSvfwDC1z8A2esfgPT1D0D4+ncFpI9\/E8DzByB4\/QMQfP0BYPwD4Pm7AqLXvwlQc\/33BkDy+O+L3xVc5OP8aPz3zS+LTl7\/fTm5OAAodf0\/\/\/0\/96WugFLXX19O2wGgzvr\/8\/wBiH3\/Ww4AqnyUXzz\/YwXg\/p3\/DyDr348PQOIV8P78TwFwBfy3nbsD1p9+JQAlXgTbAUC9HwXPP8X9AKAegOkXwdcf\/wFQ8J+D27nz760OQNKL4PrpY3dXQNCLYPv8VSZAzotg3w8AKgP45rfB94cfGYCUF8H18ScGIORFsH3xFf5XcMSL4MP1fxqAK+CuL4L9609rAhRrn1\/\/AJSsTa9\/AGq2zq7\/mZ8dAHD3F8G+HABkAfjwUNfluA6AK+AmbXPr3wQo29uL4HbCCgDlXgT7xGc0Aeq+CK4zH9EEKPsi2Kb+HABlBRzXA3AF1Gs3AQAAAAAAAAAAAADyaq4AAEwAAAAAAAAAAAAAAABcAQCYAAAAAAAAAAAAAAAAuAIAMAEAAAAAAAAAAAAAXAEAmAAAAAAAAAAAAAAAALgCADABAAAAAAAAAAAAAABwBQBgAgAAAAAAAAAAAAAA4AoAwAQAAAAAAAAAAAAAAMAVAIAJAAAAAAAAAAAAAACAKwAAEwAAAAAAAAAAAAAAAFcAACYAAAAAAAAAAAAAAACuAABMAAAAAAAAAAAAAAAAXAEAmAAAAAAAAAAAAAAAALgCADABAAAAAAAAAAAAAABwBQBgAgAAAAAAAAAAAAAA4AqQCQAAAAAAAAAAAAAAgCsAABMAAAAAAAAAAAAAAABXAAAmAAAAAAAAAAAAAIArAAATAAAAAAAAAAAAAAAAVwAAJgAAAAAAAAAAAAAAAK4AAEwAAAAAAAAAAAAAAABcAQCYAAAAAAAAAAAAAAAACAABIAAEgAAQAAJAAAgAASAABIAAEAACQAAIAAEgAASAABAAAkAACAABIAAEgAAQAAJAAAgAASAABIAAEAACQAAIAAEgAAQAAAJAAAgAASAABIAAEAACQAAIAAEgAASAABAAAkAACAABIAAEgAAQAAJAAAgAASAABIAAEAACQAAIAAEgAASAABAAAkAACAABIAAEgAAQAAJAAAgAASAABIAAEAACQAAIAAEgAASAABAAAkAACAABIAAEgAAQAAJAAAgAASAABIAAEAACQAAIAAEgAAAQAAJAAAgAASAABIAAEAACQAAIAAEgAASAABAAAkAAqEBPAgwAQsbMlXn0lLMAAAAASUVORK5CYII=\" alt=\"image\"\/><\/span><\/span><span class=\"cptch_span\"><span class=\"cptch_img cptch_left\"><img decoding=\"async\" src=\"data:image\/png;base64,iVBORw0KGgoAAAANSUhEUgAAAgAAAAIACAMAAADDpiTIAAAAGXRFWHRTb2Z0d2FyZQBBZG9iZSBJbWFnZVJlYWR5ccllPAAAABhQTFRFMjIyu7u7lJSU9fX1ZmZmAAAA39\/f\/\/\/\/Zt31sgAAAAh0Uk5T\/\/\/\/\/\/\/\/\/wDeg71ZAAAKJklEQVR42uzd4ZLjJhaAUSQwev833u7e2d3MptNjsCRz4Xw\/UpVUpdMTjhHItkiHli75XwCAABAAAkAACAABIAAEgAAQAAJAAAgAASAABIAAEAACQAAIAAEgAASAABAAAkAACAABIAAEgAAQAAJAAAgAASAABIAAEAACQAAIAAEgAASAABAAAkAACAABIAAEgAAQAAJAAAgAASAABIAAEAACQAAIAAEgAASAABAAAkAACAABIAAEgAAQAAJAAADgfwEAAkAACAABIAAEgAAQAAJAAAgAASAABIAAEAACQAAIAAEgAASAABAAAkAACAABIAAEgAAQAAJAAAgAASAABIAAEAACQAAIAAEgAASAABAAAkAACAABIAAEgAAQAKeU67bvpaSPHv\/r4+9K2fetZgDmHfptL7+N+rd9SNhXYrAIgPox9o+GUtkqANO88tsG\/y8IMgDhR38vjxea38DcALaXRv8\/BgCI+uJPj1NKewYg3rKvPE5srwDEevWfOvxfV4IMwMLD\/zULZADWuvb\/fS0AQISL\/0XD\/0WgAjD8y\/9xaTsAy778fy0GKwAD3\/h5XF\/aAFh0+p\/yMjARgJweNzXTPYF5ANTbxn8qAcn4dy0EMgArj\/9EApLxX\/sqMAeAfPv4fwgAYOnxn2U3OAWA8nhLGwDr3P\/7tgzAEAvAd43\/FMuACQCktwGY4SIQH8D+eGMZgDV3APNcBMIDKI+HKWBhAPW94x9\/CkgmgNeqALx1BfDu8Q8\/BQQH0L0FSOnzcRA151w\/nxiRupeS0d8WjA2gcwuQvvmmV+39NsEGwPvqugn8j9\/z6\/tMYQIg1BLwx\/fxuwhkAOIsAf\/41Z6OrxVuAIS5CfDM9zv3tfYBoQG0jtVzH+Fo\/XhZAuBtv\/w1c3WrgArAm7rqI1x1oUVAZAD5skv1dpEsAN53F6Dtjl1ZZhUYGcB+3Tydl1kFRv7ly4WD1IQLgPEBtC7U8ir3AiMDSFeOUQFgJgDt67RtkRsBiwBo36nlRW4ELAKgXvrTARgeQMdVugAwD4CePyUAiwPYLQIBMAMAYAYYtzIKADeCRgfwGO6nA3BC+yDbQO8Gjg+gY5mWABi9OsitYB8IeVOXjtF2pS4A7t4HXvp2sE8FB9gGbCPhAuD+VWDrn3N7rLEGXOerYfWyyWUHIMIioFxGy5dDQywC2sap4QcnXw9\/Xy0f3GsZqJafG\/whQcEfEXPNF3ianjzjETFRrgHPD9WV3zgB4G3XgKcFNH0raAcgyj7g2b1gG6oMQJR7QU8KaBt\/j4qNtAx85ipwvigARpoC\/nTNbnxImMfFh5sCfnxQYG19SJwDI+JNAT+c\/76lc6cTAG6ZAtqf8fv94wLbnxE5w\/mxExwa1fF41+8mga0dUj0AiHcv4PuVQO157PABwBD1HRvz1+tA10Oi5zhAfIqjY\/uOjfjvdSD3HRUwwwVgltPDO896+CKQt75\/e4qTg2cBUHtPfClb70Ehc5wdPguA+8+PLgcAEywD+sc\/AzBYxfivDSAX4780gBtPkZ5p\/CcC0L8VWHT9Px2Am+aAucZ\/KgB3CEjbAcDCAlI9AFh4L7DnA4B17wdMN\/1PCeC6e4IlHwBEaEte\/ksDuOSGwJwv\/0kBnL8UnG\/xPzeAk98eTvtxALDuZWCvBwABLwMn7QbK1MM\/MYBzJoHZh39qAGdMArNu\/lYBYA5YGMApwz\/1LYC5AZx5P9A2cOVdoBtBAWf\/4lbwygAueTfIm0ELv\/y9HRzp5X\/hB4J8IGTdl\/+0k0Dy8l97JTAVgDu+IboDMOz0f883g1IGYIV7P6tcBqYBcOcjInYAlh7\/qQRMAuDmB4R4Qsji4z\/RUjAZ\/7UFpKXH\/5WNQ\/KgyOjrv4\/93Ct7R4+KjT3+v7bzL7x3nDwtfIT7f6\/ezXnhs4POCxhg\/LtGL\/32pIf+txCTI2PeXTllF197CTg0KuAC4NtL97bqM6MXOjz65yHr\/RrRBkCoC8APK\/e+LWH0ZUBoAO0XgB8f89U3CRQA4uwA\/jRfd00CGwBvaj\/\/xk3XJJABCLECfO5q3bEdKABEmACefQs\/r3WAZFplAnj+Ixztl4EEwPATQNNHePaF1oFhAbTN1I279W2dKSDsr75deremLjMFhAWQrl2l1VU2AlEB1Ktfn3WRjUBUAPvlL8+2dcAOwLhXgHq9sbjLwKC\/eL3jxVlWWAYGBbBfuAPo22kWAO6s3HJ13ha4BgT9vdMNE0DjRaACMOQSYL\/pvxN1HxATwHbXC7NMvwiICWC\/69Jcp18ExPy1y20Tc8NGIAMw4Bpwu22uCXonICaA+16WefZVYEgA+cYLcwIg8i7w9T9emXwbEBLAduOg7ABE3gXeCSABMB6A\/cbZBgAAAJjvEgCANQAAo1UAMAOMdx8AAAAAGA3A65\/TSW4EjVfD50FefYuu4QMBAIwIoNw32Xgz6LZaPqr34vvBBYABa3k2xHYbtQrAbd32hY39vrkGgEuW5q9NAS1TjQ+F3li5aWD2x+ybgOk\/Fv7SFND0jABfDBlzH\/jC6qztMUQbAGNuA\/q\/Htj2KOoMwKCrwN5jHhufQ3cAMOgqsFNA48MCdwDGXQT0XAVaHxaZARh3EfBoPvO9+Rwpzwga+xrwp7Mi\/n+COf0kAgDefA1omQR6jpHLAAx+Dfgi8Mws0HWEXNzDw8Jeu\/pO+kvl57tCvceIVgDurj46S2X7frjy1n2IbOAzQ+I+6Pylo99T2bet1ppz\/vjrtu0lvfLzKgAhloFXFfnQoMhHHQwDIAMQahVwdqHPD4583lEZY\/xjn74b+bcfZAqoALyr3QVgbQAjrAODnx0dHEB+\/wIgA7D0zYB6ALDyMmA7AFh5Lxh\/\/OMDyMkGYGkAbxQww\/hPAOBtArYDgEEEFOO\/NIB3CEj1AGDh3WD4+z+zAbj5jtA+zfhPA+DOpWDajgOAdS8DpR4ADFlNXv5LA7hjEpjr5T8dgCPvhn9pAJ3f7Fpz9p8TwGUEphz+KQF83hk8fTlY5hz+SQF8fs\/vTAKp5OMAINqVYE9nvfjnHf6ZAZxjYO7Rnx3A17Wgfz2Q9tlHfwEAvxA0bwxKWWDwVwHw78vBs88A+Hx0QD2WKR1Llb8eBlE+KKTfHxiR0sc\/\/Rj5eixWOrR0AAAgAASAABAAAkAACAABIAAEgAAQAAJAAAgAASAABIAAEAACQAAIAAEgAASAABAAAkAACAABIAAEgAAQAAJAAAgAASAABIAAEAACQAAIAAEgAASAABAAAkAACAABIAAEgAAQAAJAAAgAASAABIAAEAACQAAIAAEgAASAABAAAkAACAABIAAEgAAQAAIAAAEgAASAABAAAkAACAABIAAEgAAQAAJAAAgAASAABIAAEAACQAAIAAEgAASAABAAAkAACAABIAAEgAAQAAJAAAgAASAABIAAEAACQAAIAAEgAASAABAAAkAACAABIAAEgE7sXwIMAOO+TjsFFl2KAAAAAElFTkSuQmCC\" alt=\"image\"\/><\/span><\/span><\/span>\n\t\t\t\t<input id=\"cptch_input_97\" class=\"cptch_input \" type=\"text\" autocomplete=\"off\" name=\"cptch_number\" value=\"\" maxlength=\"5\" size=\"5\" aria-required=\"true\" required=\"required\" style=\"margin-bottom:0;font-size: 12px;max-width:100%;\" \/><input type=\"hidden\" name=\"cptch_form\" value=\"bws_contact\" \/>\n\t\t\t\t<\/label><span class=\"cptch_reload_button_wrap hide-if-no-js\">\n\t\t\t\t\t<noscript>\n\t\t\t\t\t\t<style type=\"text\/css\">\n\t\t\t\t\t\t\t.hide-if-no-js {\n\t\t\t\t\t\t\t\tdisplay: none !important;\n\t\t\t\t\t\t\t}\n\t\t\t\t\t\t<\/style>\n\t\t\t\t\t<\/noscript>\n\t\t\t\t\t<span class=\"cptch_reload_button dashicons dashicons-update\"><\/span>\n\t\t\t\t<\/span><\/span><\/div><\/div><\/div><div class=\"clear\"><\/div><div class=\"cntctfrm_submit_wrap\"><div id=\"cntctfrm_submit_first_column\" class=\"cntctfrm_column\"><div class=\"cntctfrm_input cntctfrm_input_submit\"><input type=\"hidden\" value=\"send\" name=\"cntctfrm_contact_action\">\n\t\t\t\t\t\t\t<input type=\"hidden\" value=\"default\" name=\"cntctfrm_language\">\n\t\t\t\t\t\t\t<input type=\"hidden\" value=\"1\" name=\"cntctfrm_form_submited\">\n\t\t\t\t\t\t\t<input type=\"hidden\" value=\"cntctfrm_options\" name=\"cntctfrm_options_name\">\n\t\t\t\t\t\t\t<input type=\"submit\" value=\"Enviar\" class=\"cntctfrm_contact_submit\" id=\"1\" \/>\n\t\t\t\t\t\t<\/div><\/div><div id=\"cntctfrm_submit_second_column\" class=\"cntctfrm_column\"><\/div><div class=\"clear\"><\/div>\n\t\t\t<\/div>\n\t\t\t<\/form>\n\n\n<p><\/p>\n","protected":false},"excerpt":{"rendered":"<p>Desde los primeros cursos con Harold fui aprendiendo sobre las programaciones, creencias y emociones heredadas de nuestros ancestros. \u00c9l nos ense\u00f1\u00f3 a buscar en el aura toda esta informaci\u00f3n, y fuimos descubriendo curso tras curso lo sanador que es hacer consciente toda esta herencia. Sol\u00eda decir que la mayor parte de nuestros problemas de adultos [&hellip;]<\/p>\n","protected":false},"author":1,"featured_media":3010,"parent":1941,"menu_order":3,"comment_status":"closed","ping_status":"closed","template":"","meta":{"site-container-style":"default","site-container-layout":"default","site-sidebar-layout":"default","disable-article-header":"default","disable-site-header":"default","disable-site-footer":"default","disable-content-area-spacing":"default","ngg_post_thumbnail":0,"_joinchat":[],"footnotes":""},"class_list":["post-3009","page","type-page","status-publish","has-post-thumbnail","hentry"],"_links":{"self":[{"href":"https:\/\/zocalo.cl\/enamoralaverdad\/wp-json\/wp\/v2\/pages\/3009","targetHints":{"allow":["GET"]}}],"collection":[{"href":"https:\/\/zocalo.cl\/enamoralaverdad\/wp-json\/wp\/v2\/pages"}],"about":[{"href":"https:\/\/zocalo.cl\/enamoralaverdad\/wp-json\/wp\/v2\/types\/page"}],"author":[{"embeddable":true,"href":"https:\/\/zocalo.cl\/enamoralaverdad\/wp-json\/wp\/v2\/users\/1"}],"replies":[{"embeddable":true,"href":"https:\/\/zocalo.cl\/enamoralaverdad\/wp-json\/wp\/v2\/comments?post=3009"}],"version-history":[{"count":0,"href":"https:\/\/zocalo.cl\/enamoralaverdad\/wp-json\/wp\/v2\/pages\/3009\/revisions"}],"up":[{"embeddable":true,"href":"https:\/\/zocalo.cl\/enamoralaverdad\/wp-json\/wp\/v2\/pages\/1941"}],"wp:featuredmedia":[{"embeddable":true,"href":"https:\/\/zocalo.cl\/enamoralaverdad\/wp-json\/wp\/v2\/media\/3010"}],"wp:attachment":[{"href":"https:\/\/zocalo.cl\/enamoralaverdad\/wp-json\/wp\/v2\/media?parent=3009"}],"curies":[{"name":"wp","href":"https:\/\/api.w.org\/{rel}","templated":true}]}}