{"id":3040,"date":"2018-08-05T16:22:03","date_gmt":"2018-08-05T19:22:03","guid":{"rendered":"http:\/\/www.zocalo.cl\/brujita\/?page_id=3040"},"modified":"2025-06-11T22:11:01","modified_gmt":"2025-06-12T02:11:01","slug":"reconociendo-ancestros","status":"publish","type":"page","link":"https:\/\/zocalo.cl\/enamoralaverdad\/terapias\/reconociendo-ancestros\/","title":{"rendered":"Reconociendo ancestros"},"content":{"rendered":"<p>Sesi\u00f3n dedicada a hacer consciente las herencias de los ancestros. Trabajo con conceptos de ancestrolog\u00eda, \u00e1rbol transgeneracional, constelaciones familiares y toda mi experiencia de 17 a\u00f1os en sanaciones y leyendo auras.<br \/>\nNo es necesario que traigas muchos datos de tu linaje, al menos para la primera etapa, se dibuja el \u00e1rbol sin nombres ni fechas.<\/p>\n<p><img loading=\"lazy\" decoding=\"async\" class=\"alignleft wp-image-3041 size-medium\" src=\"https:\/\/zocalo.cl\/enamoralaverdad\/wp-content\/uploads\/2018\/08\/b356f4f94475d7d8b24485df7d4d29d2-292x300.jpg\" alt=\"\" width=\"292\" height=\"300\" srcset=\"https:\/\/zocalo.cl\/enamoralaverdad\/wp-content\/uploads\/2018\/08\/b356f4f94475d7d8b24485df7d4d29d2-292x300.jpg 292w, https:\/\/zocalo.cl\/enamoralaverdad\/wp-content\/uploads\/2018\/08\/b356f4f94475d7d8b24485df7d4d29d2.jpg 609w\" sizes=\"auto, (max-width: 292px) 100vw, 292px\" \/>El m\u00e9todo que m\u00e1s ocupo es el del \u00e1rbol transgeneracional, el que implica averiguar fechas de nacimiento, matrimonio, defunci\u00f3n y eventos importantes. Me parece el m\u00e1s claro para que la persona descubra y haga consciente por s\u00ed misma la herencia. Replicamos fechas familiares para encarnar, elegimos nombres ya usados en nuestros ancestros; profesiones y caminos de vida similares; elegimos parejas que replican temas de nuestro linaje, y que provienen de \u00e1rboles parecidos. Copiamos fechas de accidentes, de enfermedades, de nacimiento, de titulaci\u00f3n y otras muchas.<br \/>\n.<br \/>\nMientras m\u00e1s clara tenemos nuestra herencia, m\u00e1s f\u00e1cil es sanar nuestra propia vida. Hacer consciente esas fechas dolorosas, historias, traer de vuelta y honrar a los excluidos, abre muchas posibilidades en el presente, tal como lo muestra la pel\u00edcula animada Coco.<br \/>\n.<br \/>\nNo podemos cambiar el pasado y las historias de los integrantes de nuestro linaje, pero como dice la m\u00e1xima budista: lo que resistes persiste, lo que aceptas te transforma.<br \/>\n.<br \/>\nEn general recomiendo una serie de 4 sesiones, cada 2, 3 o 4 semanas.<br \/>\nEl resultado de este proceso de sanaci\u00f3n es que empezar\u00e1s a tomar decisiones m\u00e1s sanas para t\u00ed, sin tener que decidirlo racionalmente, pues saldr\u00e1n desde capas profundas de tu consciencia.<\/p>\n<p>&nbsp;<\/p>\n<p>Puedes leer m\u00e1s del tema en estos art\u00edculos que escrib\u00ed:&nbsp;&nbsp;<\/p>\n<ul>\n<li><a class=\"hvr-underline-reveal\" href=\"https:\/\/zocalo.cl\/enamoralaverdad\/trabajando-con-el-arbol-familiar\/\" rel=\"bookmark\">Trabajando con el \u00e1rbol familiar<\/a><\/li>\n<li><a class=\"hvr-underline-reveal\" href=\"https:\/\/zocalo.cl\/enamoralaverdad\/fechas-y-ciclos\/\" rel=\"bookmark\">Fechas y ciclos<\/a><\/li>\n<li><a class=\"hvr-underline-reveal\" href=\"https:\/\/zocalo.cl\/enamoralaverdad\/doble-de-un-bebe-fallecido\/\" rel=\"bookmark\">Doble de un beb\u00e9 fallecido<\/a><\/li>\n<li><a class=\"hvr-underline-reveal\" href=\"https:\/\/zocalo.cl\/enamoralaverdad\/oracion-sistemica-a-los-ancestros\/\" rel=\"bookmark\">Oraci\u00f3n sist\u00e9mica a los ancestros<\/a><\/li>\n<\/ul>\n<p>&nbsp;<\/p>\n<p><em>Valor de una sesi\u00f3n de 90 min, $40.000, o USD 65, si es online, son 60 min de conexi\u00f3n, despu\u00e9s me desconecto para hacer la sanaci\u00f3n en s\u00ed), atiendo en horario h\u00e1bil.<\/em><\/p>\n<p><strong>Esta es mi consulta:<\/strong><\/p>\nngg_shortcode_0_placeholder\n","protected":false},"excerpt":{"rendered":"<p>Sesi\u00f3n dedicada a hacer consciente las herencias de los ancestros. Trabajo con conceptos de ancestrolog\u00eda, \u00e1rbol transgeneracional, constelaciones familiares y toda mi experiencia de 17 a\u00f1os en sanaciones y leyendo auras. No es necesario que traigas muchos datos de tu linaje, al menos para la primera etapa, se dibuja el \u00e1rbol sin nombres ni fechas. [&hellip;]<\/p>\n","protected":false},"author":1,"featured_media":3041,"parent":5364,"menu_order":0,"comment_status":"open","ping_status":"closed","template":"","meta":{"site-container-style":"default","site-container-layout":"default","site-sidebar-layout":"default","disable-article-header":"default","disable-site-header":"default","disable-site-footer":"default","disable-content-area-spacing":"default","ngg_post_thumbnail":0,"_joinchat":[],"footnotes":""},"class_list":["post-3040","page","type-page","status-publish","has-post-thumbnail","hentry"],"_links":{"self":[{"href":"https:\/\/zocalo.cl\/enamoralaverdad\/wp-json\/wp\/v2\/pages\/3040","targetHints":{"allow":["GET"]}}],"collection":[{"href":"https:\/\/zocalo.cl\/enamoralaverdad\/wp-json\/wp\/v2\/pages"}],"about":[{"href":"https:\/\/zocalo.cl\/enamoralaverdad\/wp-json\/wp\/v2\/types\/page"}],"author":[{"embeddable":true,"href":"https:\/\/zocalo.cl\/enamoralaverdad\/wp-json\/wp\/v2\/users\/1"}],"replies":[{"embeddable":true,"href":"https:\/\/zocalo.cl\/enamoralaverdad\/wp-json\/wp\/v2\/comments?post=3040"}],"version-history":[{"count":0,"href":"https:\/\/zocalo.cl\/enamoralaverdad\/wp-json\/wp\/v2\/pages\/3040\/revisions"}],"up":[{"embeddable":true,"href":"https:\/\/zocalo.cl\/enamoralaverdad\/wp-json\/wp\/v2\/pages\/5364"}],"wp:featuredmedia":[{"embeddable":true,"href":"https:\/\/zocalo.cl\/enamoralaverdad\/wp-json\/wp\/v2\/media\/3041"}],"wp:attachment":[{"href":"https:\/\/zocalo.cl\/enamoralaverdad\/wp-json\/wp\/v2\/media?parent=3040"}],"curies":[{"name":"wp","href":"https:\/\/api.w.org\/{rel}","templated":true}]}}