{"id":5347,"date":"2025-06-10T16:00:09","date_gmt":"2025-06-10T20:00:09","guid":{"rendered":"https:\/\/zocalo.cl\/enamoralaverdad\/?page_id=5347"},"modified":"2025-06-11T21:57:59","modified_gmt":"2025-06-12T01:57:59","slug":"taller-presencia-del-corazon","status":"publish","type":"page","link":"https:\/\/zocalo.cl\/enamoralaverdad\/talleres\/taller-presencia-del-corazon\/","title":{"rendered":"Taller Presencia del Coraz\u00f3n"},"content":{"rendered":"\n<p>Un taller muy intuitivo que conecta, o invita a recordar la amorosa fuente de sabidur\u00eda y calma que tenemos en medio del pecho: la Presencia del Coraz\u00f3n.<br><br>Hacer consciente esta fuente infinita de energ\u00eda y amor nos devela que es un recurso de calma, neutralidad y una herramienta para tomar decisiones sin juicios mentales de por medio.<br><br>Te invito a sentirla, conocerla, permitirle Ser.<br><br>PRESENCIAL (\u00d1u\u00f1oa)<br>S\u00e1bado de 9:00 a 18:30<br>Cupos limitados.<br>Aporte $35.000\u00a0<br>.<br>Hice el primer taller piloto en junio de 2025. Result\u00f3 MUY bello<em>\u2764\ufe0f<\/em>!<br>Testimonios:<br><br><em>&#8216;\u00bbUn taller lleno de sorpresas, al menos para mi. Poderosa herramienta de autoconocimiento. Qued\u00e9 muy contenta. Gran experiencia.\u00bb<\/em><br>.<br><em>\u00abMi sensaci\u00f3n es que fue una linda experiencia para todas. Una gran herramienta.\u00bb<\/em><br>.<br><em>\u00abMuy contenta y muy agradecida por este taller, este espacio de aprendizaje y compartir experiencias.\u00a0 Y ense\u00f1ar un tan potente recurso para llegar a un estado de claridad y calma&#8230; Gracias de coraz\u00f3n \u2764\ufe0f.\u00bb<br><\/em>.<br><em>\u00abMuy intuitivo y tambi\u00e9n muy \u00abr\u00e1pido\u00bb y muy potente experiencia para poder aplicarlo en la vida diaria.\u00a0<br>Me quedo con\u00a0 con la &#8216;frase\u00a0 \u00abrecordar este estado\u00bb y con las &#8216;im\u00e1genes&#8217; que cada uno logr\u00f3 percibir &#8230; \u00a0 realmente una &#8216;herramienta&#8217; potente.\u00bb<\/em><br>.<br><em>\u00abQued\u00e9 muy contenta. Lo que m\u00e1s me emocion\u00f3 de ese d\u00eda fue que hubo un momento en que pude sentir la energ\u00eda de todas resonando juntas&#8230;\u00a0 eso fue expansivo, hermoso \ud83e\udd70. As\u00ed como darme cuenta que dudas dif\u00edciles que ten\u00eda pude aclararlas cuando mir\u00e9 desde el coraz\u00f3n y no desde la mente. Aqu\u00ed sigo practicando para evocar ese estado y hacerlo parte de mi d\u00eda a d\u00eda&#8230;<br>Gracias por el taller y a todas las dem\u00e1s que participaron de las cuales siempre se aprende con sus experiencias y me ayudan a darme cuenta que tenemos tanto en com\u00fan <em>\u2764\ufe0f<\/em>.\u00bb<\/em><br>.<br><a href=\"https:\/\/www.instagram.com\/explore\/tags\/taller\/\">#taller<\/a><a href=\"https:\/\/www.instagram.com\/explore\/tags\/presenciadelcorazon\/\">#presenciadelcorazon<\/a> <a href=\"https:\/\/www.instagram.com\/explore\/tags\/personasaltamentesensibles\/\">#personasaltamentesensibles<\/a> <a href=\"https:\/\/www.instagram.com\/explore\/tags\/pas\/\">#PAS<\/a> <a href=\"https:\/\/www.instagram.com\/explore\/tags\/%C3%B1u%C3%B1oa\/\">#\u00f1u\u00f1oa<\/a><\/p>\n\n\n\n<figure class=\"wp-block-image aligncenter size-full is-resized\"><img loading=\"lazy\" decoding=\"async\" width=\"990\" height=\"660\" src=\"https:\/\/zocalo.cl\/enamoralaverdad\/wp-content\/uploads\/2025\/06\/corazon.jpg.webp\" alt=\"\" class=\"wp-image-5348\" style=\"width:400px\" srcset=\"https:\/\/zocalo.cl\/enamoralaverdad\/wp-content\/uploads\/2025\/06\/corazon.jpg.webp 990w, https:\/\/zocalo.cl\/enamoralaverdad\/wp-content\/uploads\/2025\/06\/corazon.jpg-300x200.webp 300w, https:\/\/zocalo.cl\/enamoralaverdad\/wp-content\/uploads\/2025\/06\/corazon.jpg-768x512.webp 768w\" sizes=\"auto, (max-width: 990px) 100vw, 990px\" \/><\/figure>\n\n\n\n<p><\/p>\n","protected":false},"excerpt":{"rendered":"<p>Un taller muy intuitivo que conecta, o invita a recordar la amorosa fuente de sabidur\u00eda y calma que tenemos en medio del pecho: la Presencia del Coraz\u00f3n. Hacer consciente esta fuente infinita de energ\u00eda y amor nos devela que es un recurso de calma, neutralidad y una herramienta para tomar decisiones sin juicios mentales de [&hellip;]<\/p>\n","protected":false},"author":1,"featured_media":5348,"parent":1941,"menu_order":0,"comment_status":"closed","ping_status":"closed","template":"","meta":{"site-container-style":"default","site-container-layout":"default","site-sidebar-layout":"default","disable-article-header":"default","disable-site-header":"default","disable-site-footer":"default","disable-content-area-spacing":"default","ngg_post_thumbnail":0,"_joinchat":[],"footnotes":""},"class_list":["post-5347","page","type-page","status-publish","has-post-thumbnail","hentry"],"_links":{"self":[{"href":"https:\/\/zocalo.cl\/enamoralaverdad\/wp-json\/wp\/v2\/pages\/5347","targetHints":{"allow":["GET"]}}],"collection":[{"href":"https:\/\/zocalo.cl\/enamoralaverdad\/wp-json\/wp\/v2\/pages"}],"about":[{"href":"https:\/\/zocalo.cl\/enamoralaverdad\/wp-json\/wp\/v2\/types\/page"}],"author":[{"embeddable":true,"href":"https:\/\/zocalo.cl\/enamoralaverdad\/wp-json\/wp\/v2\/users\/1"}],"replies":[{"embeddable":true,"href":"https:\/\/zocalo.cl\/enamoralaverdad\/wp-json\/wp\/v2\/comments?post=5347"}],"version-history":[{"count":0,"href":"https:\/\/zocalo.cl\/enamoralaverdad\/wp-json\/wp\/v2\/pages\/5347\/revisions"}],"up":[{"embeddable":true,"href":"https:\/\/zocalo.cl\/enamoralaverdad\/wp-json\/wp\/v2\/pages\/1941"}],"wp:featuredmedia":[{"embeddable":true,"href":"https:\/\/zocalo.cl\/enamoralaverdad\/wp-json\/wp\/v2\/media\/5348"}],"wp:attachment":[{"href":"https:\/\/zocalo.cl\/enamoralaverdad\/wp-json\/wp\/v2\/media?parent=5347"}],"curies":[{"name":"wp","href":"https:\/\/api.w.org\/{rel}","templated":true}]}}