{"id":5377,"date":"2025-06-12T14:55:56","date_gmt":"2025-06-12T18:55:56","guid":{"rendered":"https:\/\/zocalo.cl\/enamoralaverdad\/?page_id=5377"},"modified":"2026-01-05T14:31:37","modified_gmt":"2026-01-05T18:31:37","slug":"sanaciones-interespecie","status":"publish","type":"page","link":"https:\/\/zocalo.cl\/enamoralaverdad\/terapias\/sanaciones-interespecie\/","title":{"rendered":"Sanaciones interespecies"},"content":{"rendered":"\n<p>Tienes problemas con tu peludo? Comportamiento? Alguna enfermedad?<br>Necesitas comunicarle algo importante?<br>Te ayudo con una comunicaci\u00f3n y sanaci\u00f3n, y te comparto mis experiencias de Vida con much\u00edsimos peludos.<\/p>\n\n\n\n<p>.<\/p>\n\n\n\n<p>Necesitar\u00e9 una foto de tu peludito mirando a la c\u00e1mara, que se vea su mirada. Su nombre.&nbsp;<\/p>\n\n\n\n<p>Tambi\u00e9n necesito una foto tuya en la que pueda ver tu rostro y tu mirada, tu nombre (esto porque los peludos absorben mucho de sus humanos). Cu\u00e9ntame por escrito su historia contigo, su estado general, si tiene diagnosticada alguna enfermedad, c\u00f3mo est\u00e1 de \u00e1nimo.<\/p>\n\n\n\n<p>Qu\u00e9 necesitas de esta sesi\u00f3n? Le quieres decir algo?<\/p>\n\n\n\n<p>Quieres preguntarle algo?<\/p>\n\n\n\n<p>Escr\u00edbeme lo que quieras decirle y preguntarle.<\/p>\n\n\n\n<p>Si tienes m\u00e1s peludos en casa, necesito foto y nombre de cada uno, para identificarlos en caso que t\u00fa peludo tenga problema con alguno de ellos.<\/p>\n\n\n\n<p>La sesi\u00f3n incluye la comunicaci\u00f3n y una sanaci\u00f3n. Y tambi\u00e9n si puedo sugerirte alg\u00fan tipo de terapia.<\/p>\n\n\n\n<p>.<\/p>\n\n\n\n<p>Los no humanos reciben muy bien este tipo de terapias, por lo que el resultado es casi inmediato.&nbsp; En caso de enfermedad aguda puede haber mejoras muy notorias; si es cr\u00f3nica, aliviar\u00e1 la situaci\u00f3n.<br>Si es problema de comportamiento, la sesi\u00f3n te ayudar\u00e1 a comprender a tu peludo, y hacer cambios de rutinas en beneficio de ambos.<\/p>\n\n\n\n<p>.<\/p>\n\n\n\n<p>Yo te cuento por audios el resultado, no es necesario agendar una hora.<\/p>\n\n\n\n<p>Vale $30.000 (s\u00f3lo para Chile) o 55 USD, en horario h\u00e1bil. Urgencias en fin de semana, o festivos, $40.000 o 65 USD. \ud83d\ude4f\ud83c\udffe<\/p>\n\n\n\n<figure class=\"wp-block-image aligncenter size-large is-resized\"><img loading=\"lazy\" decoding=\"async\" width=\"768\" height=\"1024\" src=\"https:\/\/zocalo.cl\/enamoralaverdad\/wp-content\/uploads\/2025\/06\/20180912-WA0026-11-768x1024.jpg\" alt=\"\" class=\"wp-image-5378\" style=\"width:400px\" srcset=\"https:\/\/zocalo.cl\/enamoralaverdad\/wp-content\/uploads\/2025\/06\/20180912-WA0026-11-768x1024.jpg 768w, https:\/\/zocalo.cl\/enamoralaverdad\/wp-content\/uploads\/2025\/06\/20180912-WA0026-11-225x300.jpg 225w, https:\/\/zocalo.cl\/enamoralaverdad\/wp-content\/uploads\/2025\/06\/20180912-WA0026-11.jpg 960w\" sizes=\"auto, (max-width: 768px) 100vw, 768px\" \/><\/figure>\n","protected":false},"excerpt":{"rendered":"<p>Tienes problemas con tu peludo? Comportamiento? Alguna enfermedad?Necesitas comunicarle algo importante?Te ayudo con una comunicaci\u00f3n y sanaci\u00f3n, y te comparto mis experiencias de Vida con much\u00edsimos peludos. . Necesitar\u00e9 una foto de tu peludito mirando a la c\u00e1mara, que se vea su mirada. Su nombre.&nbsp; Tambi\u00e9n necesito una foto tuya en la que pueda ver [&hellip;]<\/p>\n","protected":false},"author":1,"featured_media":0,"parent":5364,"menu_order":0,"comment_status":"closed","ping_status":"closed","template":"","meta":{"site-container-style":"default","site-container-layout":"default","site-sidebar-layout":"default","disable-article-header":"default","disable-site-header":"default","disable-site-footer":"default","disable-content-area-spacing":"default","ngg_post_thumbnail":0,"_joinchat":[],"footnotes":""},"class_list":["post-5377","page","type-page","status-publish","hentry"],"_links":{"self":[{"href":"https:\/\/zocalo.cl\/enamoralaverdad\/wp-json\/wp\/v2\/pages\/5377","targetHints":{"allow":["GET"]}}],"collection":[{"href":"https:\/\/zocalo.cl\/enamoralaverdad\/wp-json\/wp\/v2\/pages"}],"about":[{"href":"https:\/\/zocalo.cl\/enamoralaverdad\/wp-json\/wp\/v2\/types\/page"}],"author":[{"embeddable":true,"href":"https:\/\/zocalo.cl\/enamoralaverdad\/wp-json\/wp\/v2\/users\/1"}],"replies":[{"embeddable":true,"href":"https:\/\/zocalo.cl\/enamoralaverdad\/wp-json\/wp\/v2\/comments?post=5377"}],"version-history":[{"count":0,"href":"https:\/\/zocalo.cl\/enamoralaverdad\/wp-json\/wp\/v2\/pages\/5377\/revisions"}],"up":[{"embeddable":true,"href":"https:\/\/zocalo.cl\/enamoralaverdad\/wp-json\/wp\/v2\/pages\/5364"}],"wp:attachment":[{"href":"https:\/\/zocalo.cl\/enamoralaverdad\/wp-json\/wp\/v2\/media?parent=5377"}],"curies":[{"name":"wp","href":"https:\/\/api.w.org\/{rel}","templated":true}]}}