{"id":5395,"date":"2025-06-12T15:10:59","date_gmt":"2025-06-12T19:10:59","guid":{"rendered":"https:\/\/zocalo.cl\/enamoralaverdad\/?page_id=5395"},"modified":"2025-12-03T16:16:40","modified_gmt":"2025-12-03T20:16:40","slug":"comunicacion-con-humanos-trascendidos","status":"publish","type":"page","link":"https:\/\/zocalo.cl\/enamoralaverdad\/terapias\/comunicacion-con-humanos-trascendidos\/","title":{"rendered":"Comunicaci\u00f3n con humanos trascendidos"},"content":{"rendered":"\n<p>Para empezar, te mando un abrazo gigante, s\u00e9 lo que es vivir la partida de un miembro de la familia.<\/p>\n\n\n\n<p>Te cuento que cuando un humano fallece puede ser que haga su traspaso naturalmente a un estado de amor y libertad puros, o bien que quede en un estado intermedio. Si este es el caso de tu ser querido es posible que sea por decisi\u00f3n de su esp\u00edritu o bien porque se le est\u00e1 reteniendo, y si es as\u00ed, hay que ver las razones y c\u00f3mo se le puede ayudar.<\/p>\n\n\n\n<p>.<\/p>\n\n\n\n<p>Para conectar con tu ser querido necesito una foto de sus \u00faltimos tiempos en la tierra, en lo posible mirando a la c\u00e1mara, que se vea su mirada. Su nombre, fechas de nacimiento y muerte.<\/p>\n\n\n\n<p>.<\/p>\n\n\n\n<p>Una foto tuya en la que pueda ver tu rostro y tu mirada, tu nombre. Cu\u00e9ntame a grandes rasgos su historia contigo, y su historia personal.<\/p>\n\n\n\n<p>Qu\u00e9 necesitas de esta sesi\u00f3n? Le quieres decir algo?<\/p>\n\n\n\n<p>Quieres preguntarle algo? (si hay preguntas que puedo responder yo, lo har\u00e9 antes de la comunicaci\u00f3n, la idea es no retener ni molestar a tu ser amado).<\/p>\n\n\n\n<p>.<\/p>\n\n\n\n<p>Un humano ya trascendido est\u00e1 en otro estado de consciencia, por lo que puede decidir no contestar, o contestar s\u00f3lo lo que le es importante. Y tambi\u00e9n es su decisi\u00f3n qu\u00e9 mensaje entregarte.<\/p>\n\n\n\n<p>Yo prefiero esperar al menos 10 d\u00edas despu\u00e9s de su partida para comunicar con un fallecido.<\/p>\n\n\n\n<p>.<\/p>\n\n\n\n<p>Los mensajes que nos dan nuestros seres queridos desde el otro lado en general son de amor y paz, de agradecimiento. Pueden dar mensajes importantes o claves de temas familiares.<br>Si durante la sesi\u00f3n me doy cuenta que no ha completado su traspaso al otro lado, lo ayudar\u00e9 en su tr\u00e1nsito.<\/p>\n\n\n\n<p>.<\/p>\n\n\n\n<p>Te env\u00edo por audios el resultado, no es necesario agendar una hora.<\/p>\n\n\n\n<p>Vale $40.000 (s\u00f3lo para Chile) o 65 USD. \ud83d\ude4f\ud83c\udffe<\/p>\n\n\n\n<figure class=\"wp-block-image aligncenter size-full\"><img loading=\"lazy\" decoding=\"async\" width=\"266\" height=\"190\" src=\"https:\/\/zocalo.cl\/enamoralaverdad\/wp-content\/uploads\/2025\/06\/masalla.jpg\" alt=\"\" class=\"wp-image-5396\"\/><\/figure>\n\n\n\n<p><\/p>\n","protected":false},"excerpt":{"rendered":"<p>Para empezar, te mando un abrazo gigante, s\u00e9 lo que es vivir la partida de un miembro de la familia. Te cuento que cuando un humano fallece puede ser que haga su traspaso naturalmente a un estado de amor y libertad puros, o bien que quede en un estado intermedio. Si este es el caso [&hellip;]<\/p>\n","protected":false},"author":1,"featured_media":0,"parent":5364,"menu_order":0,"comment_status":"closed","ping_status":"closed","template":"","meta":{"site-container-style":"default","site-container-layout":"default","site-sidebar-layout":"default","disable-article-header":"default","disable-site-header":"default","disable-site-footer":"default","disable-content-area-spacing":"default","ngg_post_thumbnail":0,"_joinchat":[],"footnotes":""},"class_list":["post-5395","page","type-page","status-publish","hentry"],"_links":{"self":[{"href":"https:\/\/zocalo.cl\/enamoralaverdad\/wp-json\/wp\/v2\/pages\/5395","targetHints":{"allow":["GET"]}}],"collection":[{"href":"https:\/\/zocalo.cl\/enamoralaverdad\/wp-json\/wp\/v2\/pages"}],"about":[{"href":"https:\/\/zocalo.cl\/enamoralaverdad\/wp-json\/wp\/v2\/types\/page"}],"author":[{"embeddable":true,"href":"https:\/\/zocalo.cl\/enamoralaverdad\/wp-json\/wp\/v2\/users\/1"}],"replies":[{"embeddable":true,"href":"https:\/\/zocalo.cl\/enamoralaverdad\/wp-json\/wp\/v2\/comments?post=5395"}],"version-history":[{"count":0,"href":"https:\/\/zocalo.cl\/enamoralaverdad\/wp-json\/wp\/v2\/pages\/5395\/revisions"}],"up":[{"embeddable":true,"href":"https:\/\/zocalo.cl\/enamoralaverdad\/wp-json\/wp\/v2\/pages\/5364"}],"wp:attachment":[{"href":"https:\/\/zocalo.cl\/enamoralaverdad\/wp-json\/wp\/v2\/media?parent=5395"}],"curies":[{"name":"wp","href":"https:\/\/api.w.org\/{rel}","templated":true}]}}