{"id":5411,"date":"2025-06-12T15:22:21","date_gmt":"2025-06-12T19:22:21","guid":{"rendered":"https:\/\/zocalo.cl\/enamoralaverdad\/?page_id=5411"},"modified":"2025-12-03T16:33:06","modified_gmt":"2025-12-03T20:33:06","slug":"no-humanos-trascendidos","status":"publish","type":"page","link":"https:\/\/zocalo.cl\/enamoralaverdad\/terapias\/no-humanos-trascendidos\/","title":{"rendered":"Comunicaci\u00f3n con no humanos trascendidos"},"content":{"rendered":"\n<p>Para empezar, te mando un abrazo gigante, s\u00e9 lo que es vivir la partida de un miembro amado de la familia.<\/p>\n\n\n\n<p>Te cuento que cuando un animal fallece puede ser que haga su traspaso naturalmente a un estado de amor y libertad puros. O bien que quede en un estado intermedio. Si este es el caso de tu compa\u00f1ero es posible que sea por decisi\u00f3n de su esp\u00edritu o bien porque se le est\u00e1 reteniendo, y si es as\u00ed, hay que ver las razones y c\u00f3mo se le puede ayudar.<\/p>\n\n\n\n<p>.<\/p>\n\n\n\n<p>Para conectar con tu compa\u00f1ero necesito una foto de sus \u00faltimos d\u00edas, en lo posible mirando a la c\u00e1mara, que se vea su mirada. Su nombre.&nbsp; Sus fechas de nacimiento y muerte.<\/p>\n\n\n\n<p>Una foto tuya en la que pueda ver tu rostro y tu mirada, tu nombre (esto porque los peludos absorben mucho de sus humanos). Cu\u00e9ntame a grandes rasgos su historia contigo, su estado general, si tuvo diagnosticada alguna enfermedad, cu\u00e1ntos a\u00f1os vivi\u00f3.<\/p>\n\n\n\n<p>Qu\u00e9 necesitas de esta sesi\u00f3n? Le quieres decir algo?<\/p>\n\n\n\n<p>Quieres preguntarle algo? (si hay preguntas que puedo responder yo, lo har\u00e9 antes de la comunicaci\u00f3n, la idea es no retener a tu compa\u00f1ero).<\/p>\n\n\n\n<p>.<\/p>\n\n\n\n<p>Un animal ya trascendido est\u00e1 en otro estado de consciencia, por lo que puede decidir no contestar, o contestar s\u00f3lo lo que le es importante. Y tambi\u00e9n es su decisi\u00f3n qu\u00e9 mensaje entregarte.<\/p>\n\n\n\n<p>Yo prefiero esperar al menos 7 d\u00edas despu\u00e9s de su partida para comunicar con tu peludo.<br>.<\/p>\n\n\n\n<p>Los mensajes que nos dan nuestros amados peludos siempre son de amor y paz infinitas, y de mucho agradecimiento.<br>Escuchar sus mensajes te dar\u00e1 mucha paz para vivir tu duelo \ud83d\ude4f\ud83c\udffe&nbsp;<\/p>\n\n\n\n<p>.<\/p>\n\n\n\n<p>Te env\u00edo por audios el resultado, no es necesario agendar una hora.<\/p>\n\n\n\n<p>Valor $30.000 (s\u00f3lo para Chile) o 55 USD. \ud83d\ude4f\ud83c\udffe<\/p>\n\n\n\n<figure class=\"wp-block-image aligncenter size-full is-resized\"><img loading=\"lazy\" decoding=\"async\" width=\"497\" height=\"401\" src=\"https:\/\/zocalo.cl\/enamoralaverdad\/wp-content\/uploads\/2025\/06\/arco-iris.jpg\" alt=\"\" class=\"wp-image-5412\" style=\"width:450px\" srcset=\"https:\/\/zocalo.cl\/enamoralaverdad\/wp-content\/uploads\/2025\/06\/arco-iris.jpg 497w, https:\/\/zocalo.cl\/enamoralaverdad\/wp-content\/uploads\/2025\/06\/arco-iris-300x242.jpg 300w\" sizes=\"auto, (max-width: 497px) 100vw, 497px\" \/><\/figure>\n","protected":false},"excerpt":{"rendered":"<p>Para empezar, te mando un abrazo gigante, s\u00e9 lo que es vivir la partida de un miembro amado de la familia. Te cuento que cuando un animal fallece puede ser que haga su traspaso naturalmente a un estado de amor y libertad puros. O bien que quede en un estado intermedio. Si este es el [&hellip;]<\/p>\n","protected":false},"author":1,"featured_media":0,"parent":5364,"menu_order":0,"comment_status":"closed","ping_status":"closed","template":"","meta":{"site-container-style":"default","site-container-layout":"default","site-sidebar-layout":"default","disable-article-header":"default","disable-site-header":"default","disable-site-footer":"default","disable-content-area-spacing":"default","ngg_post_thumbnail":0,"_joinchat":[],"footnotes":""},"class_list":["post-5411","page","type-page","status-publish","hentry"],"_links":{"self":[{"href":"https:\/\/zocalo.cl\/enamoralaverdad\/wp-json\/wp\/v2\/pages\/5411","targetHints":{"allow":["GET"]}}],"collection":[{"href":"https:\/\/zocalo.cl\/enamoralaverdad\/wp-json\/wp\/v2\/pages"}],"about":[{"href":"https:\/\/zocalo.cl\/enamoralaverdad\/wp-json\/wp\/v2\/types\/page"}],"author":[{"embeddable":true,"href":"https:\/\/zocalo.cl\/enamoralaverdad\/wp-json\/wp\/v2\/users\/1"}],"replies":[{"embeddable":true,"href":"https:\/\/zocalo.cl\/enamoralaverdad\/wp-json\/wp\/v2\/comments?post=5411"}],"version-history":[{"count":0,"href":"https:\/\/zocalo.cl\/enamoralaverdad\/wp-json\/wp\/v2\/pages\/5411\/revisions"}],"up":[{"embeddable":true,"href":"https:\/\/zocalo.cl\/enamoralaverdad\/wp-json\/wp\/v2\/pages\/5364"}],"wp:attachment":[{"href":"https:\/\/zocalo.cl\/enamoralaverdad\/wp-json\/wp\/v2\/media?parent=5411"}],"curies":[{"name":"wp","href":"https:\/\/api.w.org\/{rel}","templated":true}]}}