{"id":5660,"date":"2026-03-16T08:50:32","date_gmt":"2026-03-16T12:50:32","guid":{"rendered":"https:\/\/zocalo.cl\/enamoralaverdad\/?page_id=5660"},"modified":"2026-03-16T08:52:55","modified_gmt":"2026-03-16T12:52:55","slug":"5660-2","status":"publish","type":"page","link":"https:\/\/zocalo.cl\/enamoralaverdad\/talleres\/5660-2\/","title":{"rendered":"Taller: Sentir para Sanar"},"content":{"rendered":"\n<p>Una t\u00e9cnica simple y efectiva para liberar emociones a trav\u00e9s del cuerpo.<br>\u00bfSientes que tu cuerpo carga con tensiones que no sabes c\u00f3mo soltar?, el cuerpo guarda todo lo que la mente calla.<br>Te invito a un espacio de pausa y escucha profunda para reconectar con la sabidur\u00eda de tu cuerpo.<br>.<br>En este taller aprender\u00e1s a:<br>\u2013 Identificar d\u00f3nde se alojan tus bloqueos emocionales.<br>\u2013 Aplicar una t\u00e9cnica pr\u00e1ctica, sencilla y r\u00e1pida para liberar tensiones de forma amable, sin largas meditaciones.<br>\u2013 Habitar tu cuerpo desde un estado de calma y presencia.<br>.<br>He dise\u00f1ado este espacio para ense\u00f1arte a sentir y soltar y te acompa\u00f1o desde toda mi experiencia y formaci\u00f3n en Sat Nam Rasayan (el arte de sanar en el silencio) y Desarrollo Luz Dorada. Mi prop\u00f3sito es guiarte a trav\u00e9s de una t\u00e9cnica sencilla donde la sensibilidad y la auto observaci\u00f3n se unen para disolver nudos emocionales.<br>.<br>El taller es una experiencia f\u00edsica y emotiva, no se graba.<br>.<br>Lo que necesitas:<br>\u2013 Un lugar tranquilo donde no te interrumpan.<br>\u2013 Sin experiencia previa.<br>\u2013 Ropa c\u00f3moda (opcional) para que tu cuerpo est\u00e9 relajado.<br>.<\/p>\n\n\n\n<p>\ud83d\udcc5 Fecha: Martes 7 y Mi\u00e9rcoles 8 de abril<br>\u23f0 Hora: 20 a 22 hrs, hora de Chile<br>\ud83d\udccd Lugar: Online (llamada grupal por Whatsapp)<br>\ud83d\udcb0 Inversi\u00f3n: 30.000 CLP o 45 USD<br>\ud83d\udc49 Cupos limitados. Reserva tu lugar escribiendo al: +56987695497<br>.<br>#taller #talleronline #sentirparasanar #liberaci\u00f3ndeemociones<\/p>\n\n\n\n<figure class=\"wp-block-image aligncenter size-large is-resized\"><img loading=\"lazy\" decoding=\"async\" width=\"931\" height=\"1024\" src=\"https:\/\/zocalo.cl\/enamoralaverdad\/wp-content\/uploads\/2026\/03\/sentirparasanar-1-e1773665377698-931x1024.jpg\" alt=\"\" class=\"wp-image-5656\" style=\"width:450px\" srcset=\"https:\/\/zocalo.cl\/enamoralaverdad\/wp-content\/uploads\/2026\/03\/sentirparasanar-1-e1773665377698-931x1024.jpg 931w, https:\/\/zocalo.cl\/enamoralaverdad\/wp-content\/uploads\/2026\/03\/sentirparasanar-1-e1773665377698-273x300.jpg 273w, https:\/\/zocalo.cl\/enamoralaverdad\/wp-content\/uploads\/2026\/03\/sentirparasanar-1-e1773665377698-768x845.jpg 768w, https:\/\/zocalo.cl\/enamoralaverdad\/wp-content\/uploads\/2026\/03\/sentirparasanar-1-e1773665377698.jpg 1080w\" sizes=\"auto, (max-width: 931px) 100vw, 931px\" \/><\/figure>\n","protected":false},"excerpt":{"rendered":"<p>Una t\u00e9cnica simple y efectiva para liberar emociones a trav\u00e9s del cuerpo.\u00bfSientes que tu cuerpo carga con tensiones que no sabes c\u00f3mo soltar?, el cuerpo guarda todo lo que la mente calla.Te invito a un espacio de pausa y escucha profunda para reconectar con la sabidur\u00eda de tu cuerpo..En este taller aprender\u00e1s a:\u2013 Identificar d\u00f3nde [&hellip;]<\/p>\n","protected":false},"author":1,"featured_media":5656,"parent":1941,"menu_order":0,"comment_status":"closed","ping_status":"closed","template":"","meta":{"site-container-style":"default","site-container-layout":"default","site-sidebar-layout":"default","disable-article-header":"default","disable-site-header":"default","disable-site-footer":"default","disable-content-area-spacing":"default","ngg_post_thumbnail":0,"_joinchat":[],"footnotes":""},"class_list":["post-5660","page","type-page","status-publish","has-post-thumbnail","hentry"],"_links":{"self":[{"href":"https:\/\/zocalo.cl\/enamoralaverdad\/wp-json\/wp\/v2\/pages\/5660","targetHints":{"allow":["GET"]}}],"collection":[{"href":"https:\/\/zocalo.cl\/enamoralaverdad\/wp-json\/wp\/v2\/pages"}],"about":[{"href":"https:\/\/zocalo.cl\/enamoralaverdad\/wp-json\/wp\/v2\/types\/page"}],"author":[{"embeddable":true,"href":"https:\/\/zocalo.cl\/enamoralaverdad\/wp-json\/wp\/v2\/users\/1"}],"replies":[{"embeddable":true,"href":"https:\/\/zocalo.cl\/enamoralaverdad\/wp-json\/wp\/v2\/comments?post=5660"}],"version-history":[{"count":2,"href":"https:\/\/zocalo.cl\/enamoralaverdad\/wp-json\/wp\/v2\/pages\/5660\/revisions"}],"predecessor-version":[{"id":5663,"href":"https:\/\/zocalo.cl\/enamoralaverdad\/wp-json\/wp\/v2\/pages\/5660\/revisions\/5663"}],"up":[{"embeddable":true,"href":"https:\/\/zocalo.cl\/enamoralaverdad\/wp-json\/wp\/v2\/pages\/1941"}],"wp:featuredmedia":[{"embeddable":true,"href":"https:\/\/zocalo.cl\/enamoralaverdad\/wp-json\/wp\/v2\/media\/5656"}],"wp:attachment":[{"href":"https:\/\/zocalo.cl\/enamoralaverdad\/wp-json\/wp\/v2\/media?parent=5660"}],"curies":[{"name":"wp","href":"https:\/\/api.w.org\/{rel}","templated":true}]}}